{"id":2,"date":"2020-04-13T17:03:21","date_gmt":"2020-04-13T15:03:21","guid":{"rendered":"http:\/\/verstaendnis.net\/wordpress\/?page_id=2"},"modified":"2025-12-18T20:46:26","modified_gmt":"2025-12-18T19:46:26","slug":"mein-angebot","status":"publish","type":"page","link":"https:\/\/verstaendnis.net\/wordpress\/","title":{"rendered":"Mein Angebot (Selbstzahler)"},"content":{"rendered":"\n<p><\/p>\n\n\n\n<h2>Du f\u00fchlst dich mit der ganzen Situation &#8230;<\/h2>\n\n\n\n<p><strong>\u00fcberfordert<\/strong>, unterfordert, unwohl, dich plagen <strong>Existenz\u00e4ngste<\/strong>, die Beziehung geht den Bach hinunter, du machst dir <strong>Sorgen<\/strong> um deine <strong>Kinder<\/strong>, leidest vielleicht schon unter <strong>Schlafst\u00f6rungen<\/strong> und du hast das Gef\u00fchl du brauchst jetzt <strong>professionelle Hilfe?<\/strong><\/p>\n\n\n\n<p>Du w\u00fcnschst dir wieder <strong>mehr Lebensfreude<\/strong> und weisst nicht von welchen <strong>Ressourcen<\/strong> du zehren sollst?<\/p>\n\n\n\n<p><strong>Dann bist du bei mir in guten H\u00e4nden. <\/strong><\/p>\n\n\n\n<p>Ich arbeite in den letzten Jahren verst\u00e4rkt mit <strong>Kindern<\/strong> und <strong>Jugendlichen<\/strong> und in der <strong>Familienberatung<\/strong>,  und auch im <strong>Einzelcoaching<\/strong>. In den letzten Jahren habe ich  <strong>Weiterbildungen<\/strong> zum Thema Emotionsregulierung, <strong>Traumatherapie<\/strong>, <strong>Verhaltenstherapie<\/strong> bei Angstst\u00f6rungen &amp; Hypnosetherapie und eine Ausbildung zum Ganzheitlichen <strong>Gesundheitsberater<\/strong> nach R\u00fcdiger Dahlke gemacht. Seit meinem <strong>Abschluss zur Heilpraktikerin f\u00fcr Psychotherapie<\/strong> arbeite ich unter anderem auch mit den <strong>Themen<\/strong>: Depressionen, Burnout, <strong>Angstst\u00f6rungen<\/strong> wie Phobien, <strong>Trennungsangst<\/strong>, Schulangst, <strong>Schlafst\u00f6rungen<\/strong>, <strong>Panikattacken<\/strong>, Essst\u00f6rungen, Trauerbew\u00e4ltigung und <strong>Trennungsberatung<\/strong>. <br><br><strong>Sprich<\/strong> <strong>mich<\/strong> gerne einfach auf dein Anliegen <strong>an<\/strong>. <\/p>\n\n\n\n<p>Bei mir bist du <strong>Selbstzahler<\/strong>, da die Krankenkasse die Sitzungen von 1,5 Std. \u00e1 160 Euro (50 Minuten \u00e0 90 Euro) leider im Normalfall nicht \u00fcbernimmt. Viele nutzen den <strong>Vorteil der schnellen Terminvergabe<\/strong> auch als <strong>\u00dcberbr\u00fcckung <\/strong>der oftmals langen Wartezeiten, auf einen Therapieplatz bei kassen\u00e4rztlichen Therapeuten. <\/p>\n\n\n\n<p>Ich arbeite anders. Da ich als Heilpraktiker f\u00fcr Psychotherapie nicht nur an die klassischen Therapieverfahren gebunden bin, wende ich die effektivsten von mir erprobten Verfahren an und sehe ganzheitlich auf dich. Deshalb kommst du <strong>bei<\/strong> <strong>mir<\/strong> im Normalfall <strong>sehr<\/strong> <strong>schnell<\/strong> <strong>voran<\/strong>, und es ist in den meisten F\u00e4llen nicht n\u00f6tig zweimal die Woche, oder jede Woche zu kommen, sondern eher<strong> alle 2 &#8211; 4 Wochen je nach Wunsch und Bedarf.<\/strong> <\/p>\n\n\n\n<figure class=\"wp-block-image size-large\"><a href=\"https:\/\/verstaendnis.net\/wordpress\/fotos-videos\/\"><img loading=\"lazy\" width=\"1024\" height=\"684\" src=\"https:\/\/verstaendnis.net\/wordpress\/wp-content\/uploads\/2021\/04\/0FF9182F-B0A0-4473-8288-27ABC382DC6D-1024x684.jpeg\" alt=\"Praxisraum von Petra Friedrich, Heilpraktikerin f\u00fcr Psychotherapie\" class=\"wp-image-429\" title=\"Weitere Fotos vom Praxisraum anzeigen\" srcset=\"https:\/\/verstaendnis.net\/wordpress\/wp-content\/uploads\/2021\/04\/0FF9182F-B0A0-4473-8288-27ABC382DC6D-1024x684.jpeg 1024w, https:\/\/verstaendnis.net\/wordpress\/wp-content\/uploads\/2021\/04\/0FF9182F-B0A0-4473-8288-27ABC382DC6D-300x200.jpeg 300w, https:\/\/verstaendnis.net\/wordpress\/wp-content\/uploads\/2021\/04\/0FF9182F-B0A0-4473-8288-27ABC382DC6D-768x513.jpeg 768w, https:\/\/verstaendnis.net\/wordpress\/wp-content\/uploads\/2021\/04\/0FF9182F-B0A0-4473-8288-27ABC382DC6D-1536x1025.jpeg 1536w, https:\/\/verstaendnis.net\/wordpress\/wp-content\/uploads\/2021\/04\/0FF9182F-B0A0-4473-8288-27ABC382DC6D-2048x1367.jpeg 2048w\" sizes=\"(max-width: 706px) 89vw, (max-width: 767px) 82vw, 740px\" \/><\/a><figcaption>Praxisraum<\/figcaption><\/figure>\n\n\n\n<h2>Was ich anbiete:<\/h2>\n\n\n\n<ul><li>klassische Verhaltenstherapie <\/li><li>l\u00f6sungsorientierte Kurzzeittherapie <\/li><li>Gespr\u00e4chstherapie nach Rogers<\/li><li>Paar- und Familientherapie<\/li><li>Erziehungsberatung<\/li><li>Hypnosesitzung zum Thema:<ul><li>Angst:<\/li><\/ul><ul><li>Entspannung<\/li><li>Rauchentw\u00f6hnung <\/li><li>Gewohnheiten ver\u00e4ndern<\/li><li>Regressionshypnose<\/li><\/ul><\/li><li>akute Krisenbew\u00e4ltigung <\/li><li>Traumatherapie<\/li><li>Pers\u00f6nlichkeitsentwicklung \/ Life Coaching  <\/li><li>St\u00e4rkung des Selbstbewusstseins<\/li><li>klassische Psychotherapie<\/li><\/ul>\n\n\n\n<p>F\u00fcr ein <strong>unverbindliches Erstgespr\u00e4ch<\/strong> melde dich gerne <strong>bei mir <\/strong>. Dieses kann <strong>online<\/strong>, oder in meinen<strong> R\u00e4umlichkeiten stattfinden<\/strong>.<\/p>\n\n\n\n<p>Schilder mir dein <strong>Anliegen unkompliziert<\/strong> per <strong>WhatsApp<\/strong> oder <strong>Email<\/strong> oder in einem pers\u00f6nlichen <strong>Telefonat<\/strong>, und wir finden heraus ob und <strong>wie<\/strong> ich <strong>dir helfen kann. <\/strong><\/p>\n\n\n\n<p>Ich freue mich auf dein Anliegen.<br><br><strong>Petra Friedrich<\/strong><br>Heilpraktikerin f\u00fcr Psychotherapie                                                                          <br>Diplom Betriebswirtin<br><br>Telefon &amp; WhatsApp: <a href=\"tel:01786874501\">0178 &#8211; 68 74 501<\/a><br>E-Mail: <a href=\"mailto:praxis-petra-friedrich@verstaendnis.net\">info@verstaendnis.net<\/a> <br><br>Telefontermine wenn m\u00f6glich zu meinen TelefonSprechzeiten:  Mo &#8211; Fr   8:00 &#8211; 9:00 Uhr<br><\/p>\n\n\n\n<figure class=\"wp-block-image size-large is-resized\"><img loading=\"lazy\" src=\"https:\/\/verstaendnis.net\/wordpress\/wp-content\/uploads\/2021\/05\/Petra-Friedrich-Heilpraktikerin.jpg\" alt=\"Petra Friedrich, Heilpraktikerin f\u00fcr Psychotherapie und Diplom Betriebswirtin                                            \" class=\"wp-image-533\" width=\"500\" height=\"500\" srcset=\"https:\/\/verstaendnis.net\/wordpress\/wp-content\/uploads\/2021\/05\/Petra-Friedrich-Heilpraktikerin.jpg 1000w, https:\/\/verstaendnis.net\/wordpress\/wp-content\/uploads\/2021\/05\/Petra-Friedrich-Heilpraktikerin-300x300.jpg 300w, https:\/\/verstaendnis.net\/wordpress\/wp-content\/uploads\/2021\/05\/Petra-Friedrich-Heilpraktikerin-150x150.jpg 150w, https:\/\/verstaendnis.net\/wordpress\/wp-content\/uploads\/2021\/05\/Petra-Friedrich-Heilpraktikerin-768x768.jpg 768w, https:\/\/verstaendnis.net\/wordpress\/wp-content\/uploads\/2021\/05\/Petra-Friedrich-Heilpraktikerin-100x100.jpg 100w\" sizes=\"(max-width: 500px) 100vw, 500px\" \/><\/figure>\n\n\n\n<p>Des Weiteren biete ich online verschiedene Coachingangebote an, die auf der Seite Online Beratungen zu finden sind! Falls du schon bei mir warst und zufrieden bist, w\u00fcrde ich mich sehr \u00fcber eine positive Bewertung bei Google freuen. <\/p>\n\n\n\n<h2>Weiterlesen &#8230;<\/h2>\n\n\n\n<p><a href=\"https:\/\/verstaendnis.net\/wordpress\/ueber-mich\/\"><\/a><a href=\"https:\/\/verstaendnis.net\/wordpress\/meine-arbeitsweise\/\">Meine Arbeitsweise<\/a>  |  <a href=\"https:\/\/verstaendnis.net\/wordpress\/ueber-mich\/\">\u00dcber Mich<\/a>  |  <a href=\"https:\/\/verstaendnis.net\/wordpress\/praxisraum\/\" data-type=\"page\">Praxisraum<\/a><\/p>\n","protected":false},"excerpt":{"rendered":"<p>Du f\u00fchlst dich mit der ganzen Situation &#8230; \u00fcberfordert, unterfordert, unwohl, dich plagen Existenz\u00e4ngste, die Beziehung geht den Bach hinunter, du machst dir Sorgen um deine Kinder, leidest vielleicht schon unter Schlafst\u00f6rungen und du hast das Gef\u00fchl du brauchst jetzt professionelle Hilfe? Du w\u00fcnschst dir wieder mehr Lebensfreude und weisst nicht von welchen Ressourcen du &hellip; <\/p>\n<p class=\"link-more\"><a href=\"https:\/\/verstaendnis.net\/wordpress\/\" class=\"more-link\"><span class=\"screen-reader-text\">\u201eMein Angebot (Selbstzahler)\u201c<\/span> weiterlesen<\/a><\/p>\n","protected":false},"author":1,"featured_media":0,"parent":0,"menu_order":0,"comment_status":"closed","ping_status":"open","template":"","meta":[],"_links":{"self":[{"href":"https:\/\/verstaendnis.net\/wordpress\/wp-json\/wp\/v2\/pages\/2"}],"collection":[{"href":"https:\/\/verstaendnis.net\/wordpress\/wp-json\/wp\/v2\/pages"}],"about":[{"href":"https:\/\/verstaendnis.net\/wordpress\/wp-json\/wp\/v2\/types\/page"}],"author":[{"embeddable":true,"href":"https:\/\/verstaendnis.net\/wordpress\/wp-json\/wp\/v2\/users\/1"}],"replies":[{"embeddable":true,"href":"https:\/\/verstaendnis.net\/wordpress\/wp-json\/wp\/v2\/comments?post=2"}],"version-history":[{"count":117,"href":"https:\/\/verstaendnis.net\/wordpress\/wp-json\/wp\/v2\/pages\/2\/revisions"}],"predecessor-version":[{"id":861,"href":"https:\/\/verstaendnis.net\/wordpress\/wp-json\/wp\/v2\/pages\/2\/revisions\/861"}],"wp:attachment":[{"href":"https:\/\/verstaendnis.net\/wordpress\/wp-json\/wp\/v2\/media?parent=2"}],"curies":[{"name":"wp","href":"https:\/\/api.w.org\/{rel}","templated":true}]}}