{"id":367,"date":"2021-02-17T22:06:58","date_gmt":"2021-02-17T21:06:58","guid":{"rendered":"http:\/\/verstaendnis.net\/wordpress\/?page_id=367"},"modified":"2026-01-24T13:30:40","modified_gmt":"2026-01-24T12:30:40","slug":"meine-arbeitsweise","status":"publish","type":"page","link":"https:\/\/verstaendnis.net\/wordpress\/meine-arbeitsweise\/","title":{"rendered":"Meine Arbeitsweise"},"content":{"rendered":"\n<p>In erster Linie ist es mir wichtig, dass ich <strong>jedem Menschen<\/strong> den gleichen <strong>Respekt und die gleiche Wertsch\u00e4tzung entgegenbringe<\/strong>. Niemand wird verurteile, jeder ist gut wie er ist. Mei<strong>ne Gabe<\/strong> ist es, ein gewisses <strong>Verst\u00e4ndnis<\/strong>  f\u00fcr die jeweilige <strong>Gef\u00fchlslage<\/strong> zu bekommen und dann die <strong>verborgenen Ressourcen<\/strong> finde, die in jedem von uns <strong>schlummern<\/strong>. <strong>Hilfe zur Selbsthilfe<\/strong>.  <strong>Authentizit\u00e4t<\/strong> und <strong>Ehrlichkeit<\/strong> <strong>zeichnen mich aus<\/strong>. Ich spreche gerne auch aus meinen <strong>eigenen Erfahrungen<\/strong> und erz\u00e4hle von meinen Fehlern wenn es zum Thema passt und angebracht ist. Einfach um den Druck zu nehmen perfekt zu sein. <strong>Mein Anliegen<\/strong> ist es das <strong>Unperfekte<\/strong> in dein <strong>Leben zu bringen<\/strong>, um diese <strong>Anspannung<\/strong> des \u201ePerfekt-sein-m\u00fcssens\u201c <strong>aus deinem Leben zu bekommen<\/strong>. <br><\/p>\n\n\n\n<p><strong>Meine Arbeitsweise<\/strong> in therapeutischer Hinsicht ist je nach Bedarf die <strong>klassische kognitive Umstrukturierung<\/strong> aus der <strong>Verhaltenstherapie<\/strong>, bei Phobien, Panikattacken oder \u00e4hnliches auch die <strong>Konfrontationsverfahren<\/strong> wie Flooding oder graduierte Exposition in Verbindung mit vorher erlernten <strong>Entspannungsverfahren<\/strong> wie Progressive Muskelentspannung oder Hypnose und NLP (Neurolinguistische Programmierung). <\/p>\n\n\n\n<p>Wenn sich vieles angestaut hat, was erst einmal Raum braucht, dann ist die <strong>klassische Gespr\u00e4chstherapie<\/strong> nach Rogers die erste Wahl. Ich <strong>spiegele<\/strong> dem Klienten seine <strong>Sichtweise<\/strong> und seine <strong>Erz\u00e4hlungen<\/strong>, um ihm zu helfen <strong>sich selbst<\/strong> zu <strong>verstehen<\/strong> und dadurch selbst auf <strong>m\u00f6gliche L\u00f6sungsans\u00e4tze<\/strong> zu kommen. <\/p>\n\n\n\n<p>Bei Bedarf arbeite ich sehr gerne mit <strong>Entspannungshypnosen<\/strong> oder <strong>Hypnose zur Blockadenl\u00f6sung<\/strong> und um an <strong>verborgene<\/strong> evtl <strong>Traumata<\/strong> oder <strong>pr\u00e4gnante Ereignisse<\/strong> aus vergangenen Jahren und der Kindheit zu kommen. <\/p>\n\n\n\n<p>Und zu guter Letzt ist die <strong>l\u00f6sungsorientierte Kurzzeittherapie<\/strong> der Hauptansatz, der sich als roter Faden durch alles zieht. Ich bin kein Freund von vielen Worten ich erkenne schnell die Lage und komme zum Punkt. Nebenbei erw\u00e4hnt bin ich ein grosser Fan von Vera Birkenbihl. (falls nicht bekannt einfach mal in YouTube eingeben!)<\/p>\n\n\n\n<p><strong>Mein Ziel ist es<\/strong>, dass Sie m\u00f6glichst <strong>schnell voran kommen<\/strong> und bald auf <strong>eigene Ressourcen<\/strong> und <strong>Erfolge<\/strong> zur\u00fcckgreifen k\u00f6nnen.<br><\/p>\n\n\n\n<p class=\"has-small-font-size\">Hinweis:<br>Alle Angebote und beschriebenen Leistungen sind sehr wirksam, beinhalten jedoch ausdr\u00fccklich KEIN Versprechen auf Heilung!<\/p>\n\n\n\n<p class=\"has-small-font-size\">Diagnostizierte <strong>schwere<\/strong> psychische St\u00f6rungen m\u00fcssen immer zuerst von einem Arzt\/ Psychiater behandelt werden.&nbsp;Meine Therapie darf in diesem Fall nur in Zusammenarbeit mit einem behandelnden Arzt erfolgen. <\/p>\n\n\n\n<h2>Mein Video zum Thema &#8222;Angst bei Kindern&#8220;<\/h2>\n\n\n\n<figure class=\"wp-block-image size-large is-resized\"><a href=\"https:\/\/www.youtube.com\/watch?v=chM7tUU2C1U\" target=\"_blank\" rel=\"noopener\"><img src=\"https:\/\/verstaendnis.net\/wordpress\/wp-content\/uploads\/2021\/05\/petra-friedrich_angst-bei-kindern-1024x576.jpg\" alt=\"Petra Friedrich - Video zum Thema Angst bei Kindern\" class=\"wp-image-556\" width=\"500\" title=\"Video auf www.youtube.com ansehen\" srcset=\"https:\/\/verstaendnis.net\/wordpress\/wp-content\/uploads\/2021\/05\/petra-friedrich_angst-bei-kindern-1024x576.jpg 1024w, https:\/\/verstaendnis.net\/wordpress\/wp-content\/uploads\/2021\/05\/petra-friedrich_angst-bei-kindern-300x169.jpg 300w, https:\/\/verstaendnis.net\/wordpress\/wp-content\/uploads\/2021\/05\/petra-friedrich_angst-bei-kindern-768x432.jpg 768w, https:\/\/verstaendnis.net\/wordpress\/wp-content\/uploads\/2021\/05\/petra-friedrich_angst-bei-kindern.jpg 1334w\" sizes=\"(max-width: 706px) 89vw, (max-width: 767px) 82vw, 740px\" \/><\/a><figcaption>Zum YouTube-Profil von Petra Friedrich<\/figcaption><\/figure>\n\n\n\n<figure class=\"wp-block-embed is-type-video is-provider-youtube wp-block-embed-youtube wp-embed-aspect-16-9 wp-has-aspect-ratio\"><div class=\"wp-block-embed__wrapper\">\n<iframe loading=\"lazy\" title=\"Angst bei Kindern\" width=\"525\" height=\"295\" src=\"https:\/\/www.youtube.com\/embed\/chM7tUU2C1U?feature=oembed\" frameborder=\"0\" allow=\"accelerometer; autoplay; clipboard-write; encrypted-media; gyroscope; picture-in-picture; web-share\" referrerpolicy=\"strict-origin-when-cross-origin\" allowfullscreen><\/iframe>\n<\/div><\/figure>\n\n\n\n<h2>Das sagen andere \u00fcber mich<\/h2>\n\n\n\n<p>Eine Therapie ist zwar wichtig und hilfreich aber bei Petra Friedrich bekommt man zus\u00e4tzlich durch ihre einf\u00fchlsame und verst\u00e4ndnisvolle Arte ein Gef\u00fchl von Geborgenheit, Verst\u00e4ndnis und Zuversicht.<br><br>Oft empfindet man die Tatsache, sich fremde Unterst\u00fctzung bei dem \u00dcberqueren pers\u00f6nlicher H\u00fcrden zu nehmen als schwach oder unnat\u00fcrlich, doch Frau Friedrich nimmt einem schnell dieses Gef\u00fchl und zeigt einem durch welche allt\u00e4glichen Ver\u00e4nderungen man einfacher und entspannter durchs Leben gehen kann.<br><br>Sie zeigt einem neue Sichtweisen auf und wendet bei Bedarf weitere Heilmethoden an. Gerne gehen inzwischen fast alle Familienmitglieder zu ihr und wir k\u00f6nnen sie bedingungslos weiterempfehlen.<br><br><strong>Ilona B.<\/strong><\/p>\n\n\n\n<p><br>Frau Friedrich kommt ziemlich schnell und auch zielsicher hinter unbewusste Verhaltensmuster und Mechanismen, f\u00fcr die man selber einfach blind ist.<br><br>Die emphatische und freundliche Art macht es einem leicht sich auch zu \u00f6ffnen. Insgesamt bin ich sehr froh, diesen Schritt gemacht zu haben und sehr positiv \u00fcberrascht, wie schnell sich durch praktikable Alltagstipps und gezielte Therapiemethoden eine komplette Ver\u00e4nderung der Lebenssituation erreichen l\u00e4sst.<br><br>Vielen herzlichen Dank!<br><br><strong>Angelika S.<\/strong><\/p>\n\n\n\n<p><\/p>\n\n\n\n<p>Frau Friedrich war f\u00fcr unsere Familie ein richtiger Segen. Wir haben endlich einen Weg gefunden respektvoll miteinander umzugehen und die Stellschrauben gefunden, die uns das Leben schwer gemacht haben. In nur wenigen Sitzungen haben wir es geschafft wieder zueinander zu finden. Frau Friedrich holt einen genau da ab wo man steht und man merkt, dass es ihr wirklich eine Herzensangelegenheit ist. <\/p>\n\n\n\n<p>Man bekommt schnell einen Termin und Frau Friedrich ist auch au\u00dferhalb ihrer Sprechzeiten f\u00fcr einen da. Das sch\u00e4tzen wir sehr. <\/p>\n\n\n\n<p>Alles Liebe f\u00fcr Sie.<\/p>\n\n\n\n<p><strong>Anna T.<\/strong><\/p>\n\n\n\n<h2>Weiterlesen &#8230;<\/h2>\n\n\n\n<p><a href=\"https:\/\/verstaendnis.net\/wordpress\/ueber-mich\/\">\u00dcber Mich<\/a>  |  <a href=\"https:\/\/verstaendnis.net\/wordpress\/praxisraum\/\" data-type=\"page\">Praxisraum<\/a><\/p>\n","protected":false},"excerpt":{"rendered":"<p>In erster Linie ist es mir wichtig, dass ich jedem Menschen den gleichen Respekt und die gleiche Wertsch\u00e4tzung entgegenbringe. Niemand wird verurteile, jeder ist gut wie er ist. Meine Gabe ist es, ein gewisses Verst\u00e4ndnis f\u00fcr die jeweilige Gef\u00fchlslage zu bekommen und dann die verborgenen Ressourcen finde, die in jedem von uns schlummern. Hilfe zur &hellip; <\/p>\n<p class=\"link-more\"><a href=\"https:\/\/verstaendnis.net\/wordpress\/meine-arbeitsweise\/\" class=\"more-link\"><span class=\"screen-reader-text\">\u201eMeine Arbeitsweise\u201c<\/span> weiterlesen<\/a><\/p>\n","protected":false},"author":1,"featured_media":0,"parent":0,"menu_order":0,"comment_status":"closed","ping_status":"closed","template":"","meta":[],"_links":{"self":[{"href":"https:\/\/verstaendnis.net\/wordpress\/wp-json\/wp\/v2\/pages\/367"}],"collection":[{"href":"https:\/\/verstaendnis.net\/wordpress\/wp-json\/wp\/v2\/pages"}],"about":[{"href":"https:\/\/verstaendnis.net\/wordpress\/wp-json\/wp\/v2\/types\/page"}],"author":[{"embeddable":true,"href":"https:\/\/verstaendnis.net\/wordpress\/wp-json\/wp\/v2\/users\/1"}],"replies":[{"embeddable":true,"href":"https:\/\/verstaendnis.net\/wordpress\/wp-json\/wp\/v2\/comments?post=367"}],"version-history":[{"count":34,"href":"https:\/\/verstaendnis.net\/wordpress\/wp-json\/wp\/v2\/pages\/367\/revisions"}],"predecessor-version":[{"id":869,"href":"https:\/\/verstaendnis.net\/wordpress\/wp-json\/wp\/v2\/pages\/367\/revisions\/869"}],"wp:attachment":[{"href":"https:\/\/verstaendnis.net\/wordpress\/wp-json\/wp\/v2\/media?parent=367"}],"curies":[{"name":"wp","href":"https:\/\/api.w.org\/{rel}","templated":true}]}}