{"id":712,"date":"2024-02-22T09:55:58","date_gmt":"2024-02-22T08:55:58","guid":{"rendered":"https:\/\/verstaendnis.net\/wordpress\/?page_id=712"},"modified":"2025-06-09T11:10:18","modified_gmt":"2025-06-09T09:10:18","slug":"herz-an-herz-projekt-leistungstausch","status":"publish","type":"page","link":"https:\/\/verstaendnis.net\/wordpress\/herz-an-herz-projekt-leistungstausch\/","title":{"rendered":"Herz an Herz"},"content":{"rendered":"\n<figure class=\"wp-block-video\"><video controls src=\"https:\/\/verstaendnis.net\/wordpress\/wp-content\/uploads\/2025\/06\/WhatsApp-Video-2025-06-09-um-10.59.49_7dc92a30-5.mp4\"><\/video><\/figure>\n\n\n\n<p> Von Herz zu Herz<\/p>\n\n\n\n<p><img loading=\"lazy\" width=\"1280\" height=\"720\" class=\"wp-image-714\" style=\"width: 600px;\" src=\"https:\/\/verstaendnis.net\/wordpress\/wp-content\/uploads\/2024\/02\/Projekt-Leistungstausch-22.02.2024.jpg\" alt=\"\" srcset=\"https:\/\/verstaendnis.net\/wordpress\/wp-content\/uploads\/2024\/02\/Projekt-Leistungstausch-22.02.2024.jpg 1280w, https:\/\/verstaendnis.net\/wordpress\/wp-content\/uploads\/2024\/02\/Projekt-Leistungstausch-22.02.2024-300x169.jpg 300w, https:\/\/verstaendnis.net\/wordpress\/wp-content\/uploads\/2024\/02\/Projekt-Leistungstausch-22.02.2024-1024x576.jpg 1024w, https:\/\/verstaendnis.net\/wordpress\/wp-content\/uploads\/2024\/02\/Projekt-Leistungstausch-22.02.2024-768x432.jpg 768w\" sizes=\"(max-width: 706px) 89vw, (max-width: 767px) 82vw, 740px\" \/><\/p>\n\n\n\n<p>Mein Traum ist es, dass jeder endlich wei\u00df und f\u00fchlt wie wertvoll er ist. Ich bin Idealist und tr\u00e4ume von einer besseren Welt. Eine Welt in der jeder mit jedem gut umgeht, in der wir mit unseren Ressourcen gut umgehen. In der wir keine Kriege f\u00fchren und es ein Miteinander und F\u00fcreinander gibt statt Gegeneinander. <\/p>\n\n\n\n<p>Eine Welt in Frieden. Der einzige Ort an dem Frieden beginnen kann ist in dir! Wir suchen den Frieden im Au\u00dfen doch wir k\u00f6nnen ihn nur im Innen finden. Frieden beginnt in jedem einzelnen von uns.&nbsp;<br><\/p>\n\n\n\n<p>Viele denken, was kann ich denn tun ich habe doch keinen Einfluss. Worauf hat jeder von uns Einfluss? Nur auf sich selbst!<\/p>\n\n\n\n<p>Wie sagt man so sch\u00f6n:<\/p>\n\n\n\n<p>F\u00fcr Frieden auf der Welt brauchen wir Frieden auf jedem Kontinent, f\u00fcr Frieden auf jedem Kontinent brauchen wir Frieden in jedem Land, f\u00fcr Frieden in einem Land brauchst du Frieden in der Gemeinde, f\u00fcr Frieden in der Gemeinde brauchst du Frieden in deinem Haushalt, f\u00fcr Frieden in deinem Haushalt brauchst du Frieden in der Familie, und f\u00fcr Frieden in der Familie braucht es Frieden in jedem einzelnen, also Frieden in dir selbst Der einzige Ort an dem Frieden beginnen kann ist in dir!<\/p>\n\n\n\n<p>Das was wirklich jeder von uns tun kann um unsere Welt ein bisschen besser zu machen, ist sich mit sich und seinen Themen auseinander zu setzen. Um authentisch und frei zu sein und sein wahres Ich zu leben und dadurch zu erkennen, wie wertvoll auch jeder andere von uns ist. Wenn jeder in seine Kraft kommt und dadurch auch seine Berufung lebt, und tut was er liebt, und nicht was ihm das meiste Geld einbringt, dann gibt es keinen Grund mehr andere zu hassen oder sie zu bek\u00e4mpfen.<\/p>\n\n\n\n<p>Ich w\u00fcnsche mir, dass jeder in seine Kraft kommt, und endlich sp\u00fcrt wie wertvoll er ist!<\/p>\n\n\n\n<p><img loading=\"lazy\" width=\"2560\" height=\"1692\" class=\"wp-image-715\" style=\"width: 300px;\" src=\"https:\/\/verstaendnis.net\/wordpress\/wp-content\/uploads\/2024\/02\/Visitenkarte-du-bist-wertvoll-scaled.jpg\" alt=\"\" srcset=\"https:\/\/verstaendnis.net\/wordpress\/wp-content\/uploads\/2024\/02\/Visitenkarte-du-bist-wertvoll-scaled.jpg 2560w, https:\/\/verstaendnis.net\/wordpress\/wp-content\/uploads\/2024\/02\/Visitenkarte-du-bist-wertvoll-300x198.jpg 300w, https:\/\/verstaendnis.net\/wordpress\/wp-content\/uploads\/2024\/02\/Visitenkarte-du-bist-wertvoll-1024x677.jpg 1024w, https:\/\/verstaendnis.net\/wordpress\/wp-content\/uploads\/2024\/02\/Visitenkarte-du-bist-wertvoll-768x507.jpg 768w, https:\/\/verstaendnis.net\/wordpress\/wp-content\/uploads\/2024\/02\/Visitenkarte-du-bist-wertvoll-1536x1015.jpg 1536w, https:\/\/verstaendnis.net\/wordpress\/wp-content\/uploads\/2024\/02\/Visitenkarte-du-bist-wertvoll-2048x1353.jpg 2048w\" sizes=\"(max-width: 706px) 89vw, (max-width: 767px) 82vw, 740px\" \/><\/p>\n\n\n\n<p><strong>Deshalb habe ich das Projekt Herz an Herz, Menschen helfen Menschen, ins Leben gerufen. <\/strong><\/p>\n\n\n\n<figure class=\"wp-block-image size-large\"><img loading=\"lazy\" width=\"576\" height=\"1024\" src=\"https:\/\/verstaendnis.net\/wordpress\/wp-content\/uploads\/2025\/02\/Herz-an-Herz-Projekt-1-576x1024.jpg\" alt=\"\" class=\"wp-image-774\" srcset=\"https:\/\/verstaendnis.net\/wordpress\/wp-content\/uploads\/2025\/02\/Herz-an-Herz-Projekt-1-576x1024.jpg 576w, https:\/\/verstaendnis.net\/wordpress\/wp-content\/uploads\/2025\/02\/Herz-an-Herz-Projekt-1-169x300.jpg 169w, https:\/\/verstaendnis.net\/wordpress\/wp-content\/uploads\/2025\/02\/Herz-an-Herz-Projekt-1.jpg 750w\" sizes=\"(max-width: 576px) 100vw, 576px\" \/><\/figure>\n\n\n\n<p>Ich m\u00f6chte auch Menschen helfen, die finanziell nicht so gut aufgestellt sind. <\/p>\n\n\n\n<p>Wenn du von dir sagst du bist nicht in Geldnot und sch\u00e4tzt meine Arbeit und m\u00f6chtest jemanden etwas Gutes tun und ihm eine Therapiestunde bei mir bezahlen, dann melde dich gerne bei mir.<\/p>\n\n\n\n<p>Solltest du finanziell in Not sein, aber dennoch meine Hilfe in Anspruch nehmen wollen, bekommst du hier die M\u00f6glichkeit dich auf die Warteliste setzen zu lassen.<\/p>\n\n\n\n<p>Sobald sich ein passender Herzensmensch f\u00fcr dich gefunden hat melde ich mich bei dir.<\/p>\n\n\n\n<p>Die einzige Bedingung: du solltest bereit dazu sein, dich in einem pers\u00f6nlichen Telefongespr\u00e4ch mit deinem Herzensmenschen, nach deinem Termin zu melden und zu bedanken. (Falls dieser nicht lieber anonym&nbsp;bleiben&nbsp;m\u00f6chte)<\/p>\n\n\n\n<p>Du m\u00f6chtest anonym spenden? Hier ist der Link und Barcode zur Spendenseite:<\/p>\n\n\n\n<figure class=\"wp-block-image size-large is-resized\"><img loading=\"lazy\" src=\"https:\/\/verstaendnis.net\/wordpress\/wp-content\/uploads\/2025\/02\/QR-CODE-Spendenbutton-betterplace.me_.png\" alt=\"\" class=\"wp-image-781\" width=\"60\" height=\"60\" srcset=\"https:\/\/verstaendnis.net\/wordpress\/wp-content\/uploads\/2025\/02\/QR-CODE-Spendenbutton-betterplace.me_.png 241w, https:\/\/verstaendnis.net\/wordpress\/wp-content\/uploads\/2025\/02\/QR-CODE-Spendenbutton-betterplace.me_-150x150.png 150w, https:\/\/verstaendnis.net\/wordpress\/wp-content\/uploads\/2025\/02\/QR-CODE-Spendenbutton-betterplace.me_-100x100.png 100w\" sizes=\"(max-width: 60px) 100vw, 60px\" \/><figcaption><a href=\"https:\/\/www.betterplace.me\/von-herz-zu-herz22\" data-type=\"URL\" data-id=\"https:\/\/www.betterplace.me\/von-herz-zu-herz22\">https:\/\/www.betterplace.me\/von-herz-zu-herz22<\/a><\/figcaption><\/figure>\n\n\n\n<p>Du m\u00f6chtest R\u00fcckmeldung und wissen, wem du die Therapie erm\u00f6glichst? Dann melde dich gerne unter diesem Link bei mir:<\/p>\n\n\n\n<figure class=\"wp-block-image size-large is-resized\"><img loading=\"lazy\" src=\"https:\/\/verstaendnis.net\/wordpress\/wp-content\/uploads\/2025\/02\/QR-Code-Spenden-mit-Rueckmeldung-besser-.png\" alt=\"\" class=\"wp-image-785\" width=\"59\" height=\"59\" srcset=\"https:\/\/verstaendnis.net\/wordpress\/wp-content\/uploads\/2025\/02\/QR-Code-Spenden-mit-Rueckmeldung-besser-.png 236w, https:\/\/verstaendnis.net\/wordpress\/wp-content\/uploads\/2025\/02\/QR-Code-Spenden-mit-Rueckmeldung-besser--150x150.png 150w, https:\/\/verstaendnis.net\/wordpress\/wp-content\/uploads\/2025\/02\/QR-Code-Spenden-mit-Rueckmeldung-besser--100x100.png 100w\" sizes=\"(max-width: 59px) 100vw, 59px\" \/><\/figure>\n\n\n\n<p><a href=\"https:\/\/wa.me\/491786874501?text=Guten+Tag%2C+ich+mo%CC%88chte+gerne+jemandem+eine+Therapiesitzung+bei+Ihnen+ermo%CC%88glichen+und+auch+gerne+Ru%CC%88ckmeldung+dazu+bekommen.+Wie+funktioniert+das+genau%3F%C2%A0Liebe%C2%A0Gru%CC%88%C3%9Fe\">https:\/\/wa.me\/491786874501?text=Guten+Tag%2C+ich+mo%CC%88chte+gerne+jemandem+eine+Therapiesitzung+bei+Ihnen+ermo%CC%88glichen+und+auch+gerne+Ru%CC%88ckmeldung+dazu+bekommen.+Wie+funktioniert+das+genau%3F%C2%A0Liebe%C2%A0Gru%CC%88%C3%9Fe<\/a><\/p>\n","protected":false},"excerpt":{"rendered":"<p>Von Herz zu Herz Mein Traum ist es, dass jeder endlich wei\u00df und f\u00fchlt wie wertvoll er ist. Ich bin Idealist und tr\u00e4ume von einer besseren Welt. Eine Welt in der jeder mit jedem gut umgeht, in der wir mit unseren Ressourcen gut umgehen. In der wir keine Kriege f\u00fchren und es ein Miteinander und &hellip; <\/p>\n<p class=\"link-more\"><a href=\"https:\/\/verstaendnis.net\/wordpress\/herz-an-herz-projekt-leistungstausch\/\" class=\"more-link\"><span class=\"screen-reader-text\">\u201eHerz an Herz\u201c<\/span> weiterlesen<\/a><\/p>\n","protected":false},"author":1,"featured_media":0,"parent":0,"menu_order":0,"comment_status":"closed","ping_status":"closed","template":"","meta":[],"_links":{"self":[{"href":"https:\/\/verstaendnis.net\/wordpress\/wp-json\/wp\/v2\/pages\/712"}],"collection":[{"href":"https:\/\/verstaendnis.net\/wordpress\/wp-json\/wp\/v2\/pages"}],"about":[{"href":"https:\/\/verstaendnis.net\/wordpress\/wp-json\/wp\/v2\/types\/page"}],"author":[{"embeddable":true,"href":"https:\/\/verstaendnis.net\/wordpress\/wp-json\/wp\/v2\/users\/1"}],"replies":[{"embeddable":true,"href":"https:\/\/verstaendnis.net\/wordpress\/wp-json\/wp\/v2\/comments?post=712"}],"version-history":[{"count":35,"href":"https:\/\/verstaendnis.net\/wordpress\/wp-json\/wp\/v2\/pages\/712\/revisions"}],"predecessor-version":[{"id":846,"href":"https:\/\/verstaendnis.net\/wordpress\/wp-json\/wp\/v2\/pages\/712\/revisions\/846"}],"wp:attachment":[{"href":"https:\/\/verstaendnis.net\/wordpress\/wp-json\/wp\/v2\/media?parent=712"}],"curies":[{"name":"wp","href":"https:\/\/api.w.org\/{rel}","templated":true}]}}