{"id":874,"date":"2026-04-06T22:57:55","date_gmt":"2026-04-06T20:57:55","guid":{"rendered":"https:\/\/verstaendnis.net\/wordpress\/?page_id=874"},"modified":"2026-04-06T23:15:56","modified_gmt":"2026-04-06T21:15:56","slug":"therapie-urlaub-im-schoenen-kaernten","status":"publish","type":"page","link":"https:\/\/verstaendnis.net\/wordpress\/therapie-urlaub-im-schoenen-kaernten\/","title":{"rendered":"Therapie Urlaub im sch\u00f6nen K\u00e4rnten"},"content":{"rendered":"\n<p>Endlich ist es vollbracht. Meine Ferienwohnung ist fertig neu renoviert und perfekt f\u00fcr den Urlaub alleine oder mit der ganzen Familie, in dem du nebenbei ganz spielerisch in wundersch\u00f6nem Ambiente deine Themen angehen kannst. <\/p>\n\n\n\n<p>Willkommen \u2013 dein Raum f\u00fcr Erholung und pers\u00f6nliche Entwicklung<\/p>\n\n\n\n<div class=\"alignnormal\"><div id=\"metaslider-id-48\" style=\"width: 100%;\" class=\"ml-slider-3-20-3 metaslider metaslider-flex metaslider-48 ml-slider\">\n    <div id=\"metaslider_container_48\">\n        <div id=\"metaslider_48\">\n            <ul aria-live=\"polite\" class=\"slides\">\n                <li style=\"display: block; width: 100%;\" class=\"slide-51 ms-image\"><img src=\"https:\/\/verstaendnis.net\/wordpress\/wp-content\/uploads\/2026\/04\/IMG_0151-scaled-768x1024.jpeg\" height=\"1024\" width=\"768\" alt=\"\" class=\"slider-48 slide-51\" title=\"IMG_0151\" \/><\/li>\n                <li style=\"display: none; width: 100%;\" class=\"slide-52 ms-image\"><img src=\"https:\/\/verstaendnis.net\/wordpress\/wp-content\/uploads\/2026\/04\/IMG_0478-scaled-768x1024.jpeg\" height=\"1024\" width=\"768\" alt=\"\" class=\"slider-48 slide-52\" title=\"IMG_0478\" \/><\/li>\n                <li style=\"display: none; width: 100%;\" class=\"slide-166 ms-image\"><img src=\"https:\/\/verstaendnis.net\/wordpress\/wp-content\/uploads\/2026\/04\/IMG_0383-scaled-768x1024.jpeg\" height=\"1024\" width=\"768\" alt=\"\" class=\"slider-48 slide-166\" title=\"IMG_0383\" \/><\/li>\n                <li style=\"display: none; width: 100%;\" class=\"slide-271 ms-image\"><img src=\"https:\/\/verstaendnis.net\/wordpress\/wp-content\/uploads\/2026\/04\/IMG_0389-scaled-768x1024.jpeg\" height=\"1024\" width=\"768\" alt=\"\" class=\"slider-48 slide-271\" title=\"IMG_0389\" \/><\/li>\n                <li style=\"display: none; width: 100%;\" class=\"slide-272 ms-image\"><img src=\"https:\/\/verstaendnis.net\/wordpress\/wp-content\/uploads\/2026\/04\/IMG_0237-scaled-768x1024.jpeg\" height=\"1024\" width=\"768\" alt=\"\" class=\"slider-48 slide-272\" title=\"IMG_0237\" \/><\/li>\n                <li style=\"display: none; width: 100%;\" class=\"slide-273 ms-image\"><img src=\"https:\/\/verstaendnis.net\/wordpress\/wp-content\/uploads\/2026\/04\/IMG_0339-scaled-768x1024.jpeg\" height=\"1024\" width=\"768\" alt=\"\" class=\"slider-48 slide-273\" title=\"IMG_0339\" \/><\/li>\n                <li style=\"display: none; width: 100%;\" class=\"slide-274 ms-image\"><img src=\"https:\/\/verstaendnis.net\/wordpress\/wp-content\/uploads\/2026\/04\/IMG_0238-scaled-768x1024.jpeg\" height=\"1024\" width=\"768\" alt=\"\" class=\"slider-48 slide-274\" title=\"IMG_0238\" \/><\/li>\n                <li style=\"display: none; width: 100%;\" class=\"slide-275 ms-image\"><img src=\"https:\/\/verstaendnis.net\/wordpress\/wp-content\/uploads\/2026\/04\/IMG_0197-scaled-768x1024.jpeg\" height=\"1024\" width=\"768\" alt=\"\" class=\"slider-48 slide-275\" title=\"IMG_0197\" \/><\/li>\n                <li style=\"display: none; width: 100%;\" class=\"slide-276 ms-image\"><img src=\"https:\/\/verstaendnis.net\/wordpress\/wp-content\/uploads\/2026\/04\/IMG_0524-scaled-768x1024.jpeg\" height=\"1024\" width=\"768\" alt=\"\" class=\"slider-48 slide-276\" title=\"IMG_0524\" \/><\/li>\n                <li style=\"display: none; width: 100%;\" class=\"slide-277 ms-image\"><img src=\"https:\/\/verstaendnis.net\/wordpress\/wp-content\/uploads\/2026\/04\/IMG_0504-scaled-768x1024.jpeg\" height=\"1024\" width=\"768\" alt=\"\" class=\"slider-48 slide-277\" title=\"IMG_0504\" \/><\/li>\n                <li style=\"display: none; width: 100%;\" class=\"slide-278 ms-image\"><img src=\"https:\/\/verstaendnis.net\/wordpress\/wp-content\/uploads\/2026\/04\/IMG_0239-scaled-768x1024.jpeg\" height=\"1024\" width=\"768\" alt=\"\" class=\"slider-48 slide-278\" title=\"IMG_0239\" \/><\/li>\n                <li style=\"display: none; width: 100%;\" class=\"slide-279 ms-image\"><img src=\"https:\/\/verstaendnis.net\/wordpress\/wp-content\/uploads\/2026\/04\/IMG_0076-scaled-768x1024.jpeg\" height=\"1024\" width=\"768\" alt=\"\" class=\"slider-48 slide-279\" title=\"IMG_0076\" \/><\/li>\n                <li style=\"display: none; width: 100%;\" class=\"slide-280 ms-image\"><img src=\"https:\/\/verstaendnis.net\/wordpress\/wp-content\/uploads\/2026\/04\/IMG_0525-scaled-768x1024.jpeg\" height=\"1024\" width=\"768\" alt=\"\" class=\"slider-48 slide-280\" title=\"IMG_0525\" \/><\/li>\n                <li style=\"display: none; width: 100%;\" class=\"slide-281 ms-image\"><img src=\"https:\/\/verstaendnis.net\/wordpress\/wp-content\/uploads\/2026\/04\/Design-ohne-Titel-768x1024.jpeg\" height=\"1024\" width=\"768\" alt=\"\" class=\"slider-48 slide-281\" title=\"Design ohne Titel\" \/><\/li>\n            <\/ul>\n        <\/div>\n        \n    <\/div>\n<\/div><\/div>\n\n\n\n<p><\/p>\n\n\n\n<p>G\u00f6nn dir eine Auszeit, die mehr ist als nur Urlaub. In meiner liebevoll eingerichteten Ferienwohnung in K\u00e4rnten erwartet dich ein besonderer Ort, an dem Entspannung und pers\u00f6nliche Weiterentwicklung miteinander verbunden werden.<\/p>\n\n\n\n<p><strong>Therapieurlaub in K\u00e4rnten<\/strong><br>Umgeben von der Natur, fernab vom Alltag, hast du die M\u00f6glichkeit, zur Ruhe zu kommen und neue Kraft zu sch\u00f6pfen. Die Kombination aus Erholung und therapeutischer Begleitung schafft einen gesch\u00fctzten Rahmen, in dem du dich ganz auf dich selbst konzentrieren kannst.<\/p>\n\n\n\n<p><strong>Individuell buchbare Online-Therapie<\/strong><br>Erg\u00e4nzend zu deinem Aufenthalt biete ich dir flexible Online-Therapiestunden an. Diese kannst du ganz nach deinem Bedarf dazu buchen \u2013 vor, w\u00e4hrend oder nach deinem Urlaub. So entsteht ein nachhaltiger Prozess, der dich auch \u00fcber deinen Aufenthalt hinaus begleitet.<\/p>\n\n\n\n<p><strong>Dein Mehrwert auf einen Blick:<\/strong><\/p>\n\n\n\n<ul><li>Ruhe und Erholung in einer hochwertigen Ferienwohnung in K\u00e4rnten<\/li><li>Professionelle therapeutische Begleitung online<\/li><li>Flexible Terminbuchung nach deinen Bed\u00fcrfnissen<\/li><li>Kombination aus Urlaub und pers\u00f6nlicher Entwicklung<\/li><li>Nachhaltige Unterst\u00fctzung \u2013 auch \u00fcber deinen Aufenthalt hinaus<\/li><\/ul>\n\n\n\n<p>Ob du gezielt an einem Thema arbeiten m\u00f6chtest oder dir einfach eine bewusste Auszeit g\u00f6nnst \u2013 dieses Angebot verbindet Entspannung mit innerem Wachstum.<\/p>\n\n\n\n<p>Ich freue mich darauf, dich auf deinem Weg zu begleiten.<\/p>\n\n\n\n\n\n<pre class=\"wp-block-preformatted\">&lt;div class=\"airbnb-embed-frame\" data-id=\"1241896051633306649\" data-view=\"home\" data-hide-price=\"true\" style=\"width: 450px; height: 300px; margin: auto;\"&gt;&lt;a href=\"https:\/\/www.airbnb.de\/rooms\/1241896051633306649?guests=1&amp;amp;adults=1&amp;amp;s=66&amp;amp;source=embed_widget\"&gt;Auf Airbnb ansehen&lt;\/a&gt;&lt;a href=\"https:\/\/www.airbnb.de\/rooms\/1241896051633306649?guests=1&amp;amp;adults=1&amp;amp;s=66&amp;amp;source=embed_widget\" rel=\"nofollow\"&gt;Apartment \u00b7 Friesach \u00b7 1 Schlafzimmer \u00b7 4 Betten \u00b7 1 Badezimmer&lt;\/a&gt;&lt;script async=\"\" src=\"https:\/\/www.airbnb.de\/embeddable\/airbnb_jssdk\"&gt;&lt;\/script&gt;&lt;\/div&gt;\n<\/pre>\n\n\n\n<p><\/p>\n\n\n\n<p><\/p>\n\n\n\n<p><\/p>\n","protected":false},"excerpt":{"rendered":"<p>Endlich ist es vollbracht. Meine Ferienwohnung ist fertig neu renoviert und perfekt f\u00fcr den Urlaub alleine oder mit der ganzen Familie, in dem du nebenbei ganz spielerisch in wundersch\u00f6nem Ambiente deine Themen angehen kannst. Willkommen \u2013 dein Raum f\u00fcr Erholung und pers\u00f6nliche Entwicklung G\u00f6nn dir eine Auszeit, die mehr ist als nur Urlaub. In meiner &hellip; <\/p>\n<p class=\"link-more\"><a href=\"https:\/\/verstaendnis.net\/wordpress\/therapie-urlaub-im-schoenen-kaernten\/\" class=\"more-link\"><span class=\"screen-reader-text\">\u201eTherapie Urlaub im sch\u00f6nen K\u00e4rnten\u201c<\/span> weiterlesen<\/a><\/p>\n","protected":false},"author":1,"featured_media":0,"parent":0,"menu_order":0,"comment_status":"closed","ping_status":"closed","template":"","meta":[],"_links":{"self":[{"href":"https:\/\/verstaendnis.net\/wordpress\/wp-json\/wp\/v2\/pages\/874"}],"collection":[{"href":"https:\/\/verstaendnis.net\/wordpress\/wp-json\/wp\/v2\/pages"}],"about":[{"href":"https:\/\/verstaendnis.net\/wordpress\/wp-json\/wp\/v2\/types\/page"}],"author":[{"embeddable":true,"href":"https:\/\/verstaendnis.net\/wordpress\/wp-json\/wp\/v2\/users\/1"}],"replies":[{"embeddable":true,"href":"https:\/\/verstaendnis.net\/wordpress\/wp-json\/wp\/v2\/comments?post=874"}],"version-history":[{"count":6,"href":"https:\/\/verstaendnis.net\/wordpress\/wp-json\/wp\/v2\/pages\/874\/revisions"}],"predecessor-version":[{"id":906,"href":"https:\/\/verstaendnis.net\/wordpress\/wp-json\/wp\/v2\/pages\/874\/revisions\/906"}],"wp:attachment":[{"href":"https:\/\/verstaendnis.net\/wordpress\/wp-json\/wp\/v2\/media?parent=874"}],"curies":[{"name":"wp","href":"https:\/\/api.w.org\/{rel}","templated":true}]}}